{"id":124,"date":"2020-10-27T15:09:17","date_gmt":"2020-10-27T14:09:17","guid":{"rendered":"http:\/\/kredytydlafirm.net\/index.php\/blog\/"},"modified":"2024-12-04T13:00:16","modified_gmt":"2024-12-04T12:00:16","slug":"blog","status":"publish","type":"page","link":"https:\/\/kredytydlafirm.net\/index.php\/blog\/","title":{"rendered":"BLOG"},"content":{"rendered":"<p>[et_pb_section fb_built=&#8221;1&#8243; admin_label=&#8221;Sekcja&#8221; _builder_version=&#8221;4.5.7&#8243; background_enable_color=&#8221;off&#8221; custom_padding=&#8221;0px||0px|||&#8221; global_module=&#8221;207&#8243; collapsed=&#8221;on&#8221;][et_pb_row column_structure=&#8221;2_3,1_3&#8243; use_custom_gutter=&#8221;on&#8221; gutter_width=&#8221;2&#8243; make_equal=&#8221;on&#8221; custom_padding_last_edited=&#8221;on|phone&#8221; _builder_version=&#8221;4.5.7&#8243; width=&#8221;90%&#8221; width_tablet=&#8221;90%&#8221; width_phone=&#8221;90%&#8221; width_last_edited=&#8221;on|phone&#8221; max_width=&#8221;1170px&#8221; max_width_tablet=&#8221;90%&#8221; max_width_phone=&#8221;90%&#8221; max_width_last_edited=&#8221;on|desktop&#8221; custom_margin=&#8221;||||false|false&#8221; custom_padding=&#8221;23px||23px||true|false&#8221; custom_padding_tablet=&#8221;&#8221; custom_padding_phone=&#8221;15px||15px||true|false&#8221;][et_pb_column type=&#8221;2_3&#8243; _builder_version=&#8221;4.0.6&#8243;][et_pb_image src=&#8221;http:\/\/kredytydlafirm.net\/wp-content\/uploads\/2020\/10\/Black-and-Brown-Square-Community-Non-Profit-Logo-2.png&#8221; title_text=&#8221;Black and Brown Square Community &#038; Non-Profit Logo (2)&#8221; url=&#8221;http:\/\/kredytydlafirm.net\/&#8221; _builder_version=&#8221;4.5.7&#8243; module_alignment=&#8221;left&#8221; custom_margin=&#8221;6px||||false|false&#8221;][\/et_pb_image][\/et_pb_column][et_pb_column type=&#8221;1_3&#8243; _builder_version=&#8221;4.0.6&#8243; custom_padding=&#8221;10px||||false|false&#8221;][et_pb_blurb title=&#8221;ZADZWO\u0143 661 010 614&#8243; url=&#8221;tel:661010614&#8243; use_icon=&#8221;on&#8221; font_icon=&#8221;%%264%%&#8221; icon_color=&#8221;#00b13f&#8221; icon_placement=&#8221;left&#8221; content_max_width=&#8221;100%&#8221; _builder_version=&#8221;4.5.7&#8243; header_font=&#8221;Poppins||||||||&#8221; header_text_align=&#8221;left&#8221; header_text_color=&#8221;#000000&#8243; header_font_size=&#8221;21px&#8221; header_line_height=&#8221;1.3em&#8221; custom_margin=&#8221;|||1px|false|false&#8221; custom_margin_tablet=&#8221;&#8221; custom_margin_phone=&#8221;-25px|||0px|false|false&#8221; custom_margin_last_edited=&#8221;on|phone&#8221; animation_style=&#8221;bounce&#8221; animation_repeat=&#8221;loop&#8221; animation=&#8221;off&#8221; link_option_url=&#8221;tel:661010614&#8243;][\/et_pb_blurb][\/et_pb_column][\/et_pb_row][et_pb_row use_custom_gutter=&#8221;on&#8221; gutter_width=&#8221;1&#8243; make_equal=&#8221;on&#8221; _builder_version=&#8221;4.5.7&#8243; background_color=&#8221;#00b13f&#8221; width=&#8221;100%&#8221; width_tablet=&#8221;90%&#8221; width_phone=&#8221;90%&#8221; width_last_edited=&#8221;off|desktop&#8221; max_width=&#8221;100%&#8221; max_width_tablet=&#8221;90%&#8221; max_width_phone=&#8221;90%&#8221; max_width_last_edited=&#8221;off|desktop&#8221; custom_margin=&#8221;||||false|false&#8221; custom_padding=&#8221;19px||20px||false|false&#8221;][et_pb_column type=&#8221;4_4&#8243; _builder_version=&#8221;4.0.6&#8243;][et_pb_divider show_divider=&#8221;off&#8221; _builder_version=&#8221;4.0.6&#8243;][\/et_pb_divider][\/et_pb_column][\/et_pb_row][et_pb_row use_custom_gutter=&#8221;on&#8221; gutter_width=&#8221;2&#8243; make_equal=&#8221;on&#8221; _builder_version=&#8221;4.5.7&#8243; z_index=&#8221;999&#8243; width=&#8221;90%&#8221; width_tablet=&#8221;90%&#8221; width_phone=&#8221;90%&#8221; width_last_edited=&#8221;on|phone&#8221; max_width=&#8221;1170px&#8221; max_width_tablet=&#8221;90%&#8221; max_width_phone=&#8221;90%&#8221; max_width_last_edited=&#8221;on|desktop&#8221; custom_margin=&#8221;-62px||||false|false&#8221; custom_padding=&#8221;8px||8px||true|false&#8221;][et_pb_column type=&#8221;4_4&#8243; _builder_version=&#8221;4.0.6&#8243; z_index=&#8221;999&#8243;][et_pb_menu menu_id=&#8221;218&#8243; active_link_color=&#8221;#ffffff&#8221; dropdown_menu_bg_color=&#8221;#ffffff&#8221; dropdown_menu_line_color=&#8221;#ffffff&#8221; dropdown_menu_text_color=&#8221;#000000&#8243; dropdown_menu_active_link_color=&#8221;#000000&#8243; mobile_menu_bg_color=&#8221;#ffffff&#8221; mobile_menu_text_color=&#8221;#000000&#8243; menu_icon_color=&#8221;#ffffff&#8221; _builder_version=&#8221;4.5.7&#8243; menu_font=&#8221;Poppins||||||||&#8221; menu_text_color=&#8221;#ffffff&#8221; menu_font_size=&#8221;16px&#8221; background_color=&#8221;rgba(0,0,0,0)&#8221; background_layout=&#8221;dark&#8221; custom_margin=&#8221;7px||||false|false&#8221; custom_margin_tablet=&#8221;&#8221; custom_margin_phone=&#8221;-27px||||false|false&#8221; custom_margin_last_edited=&#8221;on|phone&#8221; background_color_phone=&#8221;rgba(0,0,0,0)&#8221; background_last_edited=&#8221;off|phone&#8221; background_enable_color_phone=&#8221;on&#8221; text_orientation_tablet=&#8221;&#8221; text_orientation_phone=&#8221;justified&#8221; text_orientation_last_edited=&#8221;on|phone&#8221;][\/et_pb_menu][\/et_pb_column][\/et_pb_row][\/et_pb_section][et_pb_section fb_built=&#8221;1&#8243; _builder_version=&#8221;3.25.3&#8243; custom_padding=&#8221;0px||0px||true|&#8221;][et_pb_row _builder_version=&#8221;4.5.7&#8243; _module_preset=&#8221;default&#8221;][et_pb_column type=&#8221;4_4&#8243; _builder_version=&#8221;4.5.7&#8243; _module_preset=&#8221;default&#8221;][et_pb_text _builder_version=&#8221;4.5.7&#8243; _module_preset=&#8221;default&#8221; text_font=&#8221;Poppins|700|||||||&#8221; text_text_color=&#8221;#000000&#8243; text_font_size=&#8221;35px&#8221; text_letter_spacing=&#8221;3px&#8221; custom_padding=&#8221;50px||||false|false&#8221;]<\/p>\n<p style=\"text-align: center;\">BLOG<\/p>\n<p>[\/et_pb_text][et_pb_blog fullwidth=&#8221;off&#8221; show_more=&#8221;on&#8221; show_author=&#8221;off&#8221; show_date=&#8221;off&#8221; show_categories=&#8221;off&#8221; _builder_version=&#8221;4.5.7&#8243; _module_preset=&#8221;default&#8221; header_font=&#8221;Poppins|||on|||||&#8221; header_text_color=&#8221;#00b13f&#8221; body_font=&#8221;Poppins||||||||&#8221; body_text_align=&#8221;justify&#8221; body_text_color=&#8221;#000000&#8243; read_more_text_color=&#8221;#0c71c3&#8243; box_shadow_style=&#8221;preset2&#8243;][\/et_pb_blog][\/et_pb_column][\/et_pb_row][\/et_pb_section][et_pb_section fb_built=&#8221;1&#8243; _builder_version=&#8221;4.5.7&#8243; use_background_color_gradient=&#8221;on&#8221; background_color_gradient_start=&#8221;#00b13f&#8221; background_color_gradient_end=&#8221;rgba(16,21,27,0.79)&#8221; background_color_gradient_overlays_image=&#8221;on&#8221; background_enable_image=&#8221;off&#8221; custom_padding=&#8221;55px||55px||true|&#8221; global_module=&#8221;591&#8243;][et_pb_row column_structure=&#8221;1_3,1_3,1_3&#8243; use_custom_gutter=&#8221;on&#8221; gutter_width=&#8221;2&#8243; make_equal=&#8221;on&#8221; _builder_version=&#8221;3.25.3&#8243; width=&#8221;98%&#8221; width_tablet=&#8221;90%&#8221; width_phone=&#8221;90%&#8221; width_last_edited=&#8221;on|tablet&#8221; max_width=&#8221;1140px&#8221; max_width_tablet=&#8221;90%&#8221; max_width_phone=&#8221;90%&#8221; max_width_last_edited=&#8221;on|phone&#8221; custom_padding=&#8221;16px||16px||true&#8221;][et_pb_column type=&#8221;1_3&#8243; _builder_version=&#8221;3.25.3&#8243;][et_pb_blurb title=&#8221;15&#8243; image=&#8221;http:\/\/kredytydlafirm.net\/wp-content\/uploads\/2020\/10\/diamond.png&#8221; icon_placement=&#8221;left&#8221; image_max_width=&#8221;80px&#8221; content_max_width=&#8221;100%&#8221; _builder_version=&#8221;4.5.7&#8243; header_font=&#8221;Poppins|700|||||||&#8221; header_text_color=&#8221;#ffffff&#8221; header_font_size=&#8221;50px&#8221; body_font=&#8221;Poppins||||||||&#8221; body_text_color=&#8221;#ffffff&#8221; body_font_size=&#8221;20px&#8221; body_line_height=&#8221;1.5em&#8221; animation=&#8221;off&#8221; border_width_right_image=&#8221;10px&#8221; border_color_right_image=&#8221;rgba(0,0,0,0)&#8221;]<\/p>\n<p>Lat do\u015bwiadczenia<\/p>\n<p>[\/et_pb_blurb][\/et_pb_column][et_pb_column type=&#8221;1_3&#8243; _builder_version=&#8221;3.25.3&#8243;][et_pb_blurb title=&#8221;18889+&#8221; image=&#8221;http:\/\/kredytydlafirm.net\/wp-content\/uploads\/2020\/10\/humanpictos.png&#8221; icon_placement=&#8221;left&#8221; image_max_width=&#8221;80px&#8221; content_max_width=&#8221;100%&#8221; _builder_version=&#8221;4.5.7&#8243; header_font=&#8221;Poppins|700|||||||&#8221; header_text_color=&#8221;#ffffff&#8221; header_font_size=&#8221;50px&#8221; body_font=&#8221;Poppins||||||||&#8221; body_text_color=&#8221;#ffffff&#8221; body_font_size=&#8221;20px&#8221; body_line_height=&#8221;1.5em&#8221; custom_padding_tablet=&#8221;25px||25px||true&#8221; custom_padding_phone=&#8221;25px||25px||true&#8221; custom_padding_last_edited=&#8221;on|tablet&#8221; animation=&#8221;off&#8221; border_width_right_image=&#8221;10px&#8221; border_color_right_image=&#8221;rgba(0,0,0,0)&#8221;]<\/p>\n<p>Zadowolonych klient\u00f3w<\/p>\n<p>[\/et_pb_blurb][\/et_pb_column][et_pb_column type=&#8221;1_3&#8243; _builder_version=&#8221;3.25.3&#8243;][et_pb_blurb title=&#8221;7\/24&#8243; image=&#8221;http:\/\/kredytydlafirm.net\/wp-content\/uploads\/2020\/10\/time.png&#8221; icon_placement=&#8221;left&#8221; image_max_width=&#8221;80px&#8221; content_max_width=&#8221;100%&#8221; _builder_version=&#8221;4.5.7&#8243; header_font=&#8221;Poppins|700|||||||&#8221; header_text_color=&#8221;#ffffff&#8221; header_font_size=&#8221;50px&#8221; body_font=&#8221;Poppins||||||||&#8221; body_text_color=&#8221;#ffffff&#8221; body_font_size=&#8221;20px&#8221; body_line_height=&#8221;1.5em&#8221; animation=&#8221;off&#8221; border_width_right_image=&#8221;10px&#8221; border_color_right_image=&#8221;rgba(0,0,0,0)&#8221;]<\/p>\n<p>Obs\u0142uga klient\u00f3w<\/p>\n<p>[\/et_pb_blurb][\/et_pb_column][\/et_pb_row][\/et_pb_section][et_pb_section fb_built=&#8221;1&#8243; _builder_version=&#8221;4.5.7&#8243; background_color=&#8221;#00b13f&#8221; custom_padding=&#8221;18px||18px||true&#8221; global_module=&#8221;221&#8243; saved_tabs=&#8221;all&#8221;][et_pb_row column_structure=&#8221;1_2,1_2&#8243; use_custom_gutter=&#8221;on&#8221; gutter_width=&#8221;2&#8243; make_equal=&#8221;on&#8221; _builder_version=&#8221;4.5.7&#8243; width=&#8221;98%&#8221; width_tablet=&#8221;90%&#8221; width_phone=&#8221;90%&#8221; width_last_edited=&#8221;on|tablet&#8221; max_width=&#8221;1140px&#8221; max_width_tablet=&#8221;90%&#8221; max_width_phone=&#8221;90%&#8221; max_width_last_edited=&#8221;on|phone&#8221; min_height=&#8221;439.4px&#8221; custom_padding=&#8221;||61px|||&#8221;][et_pb_column type=&#8221;1_2&#8243; _builder_version=&#8221;3.25.3&#8243;][et_pb_text _builder_version=&#8221;4.5.7&#8243; header_font=&#8221;Poppins|800|||||||&#8221; header_text_color=&#8221;#ffffff&#8221; header_font_size=&#8221;26px&#8221; header_letter_spacing=&#8221;1px&#8221; header_line_height=&#8221;1.1em&#8221; custom_margin=&#8221;||&#8221; custom_padding=&#8221;10px||&#8221; header_font_size_tablet=&#8221;&#8221; header_font_size_phone=&#8221;25px&#8221; header_font_size_last_edited=&#8221;on|desktop&#8221; header_line_height_tablet=&#8221;&#8221; header_line_height_phone=&#8221;1.3em&#8221; header_line_height_last_edited=&#8221;on|desktop&#8221;]<\/p>\n<h1>GOLDEN EXPERT- EKSPERCI FINANSOWI<\/h1>\n<p>[\/et_pb_text][et_pb_text _builder_version=&#8221;4.5.7&#8243; text_font=&#8221;Poppins||||||||&#8221; text_text_color=&#8221;#ffffff&#8221; text_font_size=&#8221;15px&#8221; text_line_height=&#8221;1.8em&#8221; custom_margin=&#8221;-9px||&#8221;]<\/p>\n<p>KREDYTY DLA FIRM 24H<\/p>\n<p><strong>Infolinia <\/strong><br \/> <strong>Tel. 661\u00a0010\u00a0614 ( czynna w godz. od 8-20:00) <\/strong><\/p>\n<p>OBS\u0141UGUJEMY KLIENT\u00d3W Z CA\u0141EGO KRAJU I ZAGRANICY\u00a0<br \/> Nasi mobilny doradcy dzia\u0142aj\u0105 na ternie ca\u0142ego kraju m.in. Pozna\u0144, Warszawa, Wroc\u0142aw, Krak\u00f3w, Katowice, Gda\u0144sk, Szczecin, \u0141\u00f3d\u017a, Lublin, Gorz\u00f3w Wielkopolski, Kalisz, Konin, Rzesz\u00f3w, Toru\u0144, Bydgoszcz, P\u0142ock, Olsztyn, Bia\u0142ystok i inne.<\/p>\n<p>[\/et_pb_text][et_pb_button button_url=&#8221;http:\/\/goldenexpert.firmy.net\/opinie-klientow.html&#8221; url_new_window=&#8221;on&#8221; button_text=&#8221;Opinie naszych klient\u00f3w&#8221; button_alignment=&#8221;center&#8221; _builder_version=&#8221;4.5.7&#8243; _module_preset=&#8221;default&#8221; custom_button=&#8221;on&#8221; button_text_size=&#8221;17px&#8221; button_text_color=&#8221;#ffffff&#8221; button_font=&#8221;Muli||||||||&#8221;][\/et_pb_button][\/et_pb_column][et_pb_column type=&#8221;1_2&#8243; _builder_version=&#8221;3.25.3&#8243;][et_pb_contact_form captcha=&#8221;off&#8221; email=&#8221;formularz@kredytydlafirm.net&#8221; title=&#8221;Potrzebujesz szybkiego kredytu?&#8221; submit_button_text=&#8221;Wy\u015blij formularz \u2013 Oddzwonimy&#8221; _builder_version=&#8221;4.5.7&#8243; _module_preset=&#8221;default&#8221; form_field_background_color=&#8221;rgba(255,255,255,0)&#8221; form_field_text_color=&#8221;#ffffff&#8221; title_font=&#8221;Poppins||||||||&#8221; title_text_align=&#8221;center&#8221; title_text_color=&#8221;#ffffff&#8221; title_font_size=&#8221;19px&#8221; form_field_font=&#8221;Poppins|600|||||||&#8221; form_field_text_align=&#8221;center&#8221; form_field_font_size=&#8221;13px&#8221; custom_button=&#8221;on&#8221; button_text_size=&#8221;15px&#8221; button_text_color=&#8221;#ffffff&#8221; button_border_width=&#8221;1px&#8221; button_font=&#8221;Poppins|600|||||||&#8221; button_on_hover=&#8221;off&#8221; button_custom_margin=&#8221;15px||||false|false&#8221; button_custom_padding=&#8221;10px|10%|10px|10%|true|true&#8221; border_width_all=&#8221;1px&#8221; border_color_all=&#8221;#ffffff&#8221; button_text_shadow_style=&#8221;preset1&#8243; box_shadow_style=&#8221;preset2&#8243; box_shadow_color=&#8221;#000000&#8243;][et_pb_contact_field field_id=&#8221;Imi\u0119_i_nazwisko&#8221; field_title=&#8221;Imi\u0119 i nazwisko&#8221; fullwidth_field=&#8221;on&#8221; _builder_version=&#8221;4.5.7&#8243; button_text_size__hover_enabled=&#8221;off&#8221; button_one_text_size__hover_enabled=&#8221;off&#8221; button_two_text_size__hover_enabled=&#8221;off&#8221; button_text_color__hover_enabled=&#8221;off&#8221; button_one_text_color__hover_enabled=&#8221;off&#8221; button_two_text_color__hover_enabled=&#8221;off&#8221; button_border_width__hover_enabled=&#8221;off&#8221; button_one_border_width__hover_enabled=&#8221;off&#8221; button_two_border_width__hover_enabled=&#8221;off&#8221; button_border_color__hover_enabled=&#8221;off&#8221; button_one_border_color__hover_enabled=&#8221;off&#8221; button_two_border_color__hover_enabled=&#8221;off&#8221; button_border_radius__hover_enabled=&#8221;off&#8221; button_one_border_radius__hover_enabled=&#8221;off&#8221; button_two_border_radius__hover_enabled=&#8221;off&#8221; button_letter_spacing__hover_enabled=&#8221;off&#8221; button_one_letter_spacing__hover_enabled=&#8221;off&#8221; button_two_letter_spacing__hover_enabled=&#8221;off&#8221; button_bg_color__hover_enabled=&#8221;off&#8221; button_one_bg_color__hover_enabled=&#8221;off&#8221; button_two_bg_color__hover_enabled=&#8221;off&#8221;][\/et_pb_contact_field][et_pb_contact_field field_id=&#8221;Numer_telefonu&#8221; field_title=&#8221;Numer telefonu&#8221; fullwidth_field=&#8221;on&#8221; _builder_version=&#8221;4.5.7&#8243; button_text_size__hover_enabled=&#8221;off&#8221; button_one_text_size__hover_enabled=&#8221;off&#8221; button_two_text_size__hover_enabled=&#8221;off&#8221; button_text_color__hover_enabled=&#8221;off&#8221; button_one_text_color__hover_enabled=&#8221;off&#8221; button_two_text_color__hover_enabled=&#8221;off&#8221; button_border_width__hover_enabled=&#8221;off&#8221; button_one_border_width__hover_enabled=&#8221;off&#8221; button_two_border_width__hover_enabled=&#8221;off&#8221; button_border_color__hover_enabled=&#8221;off&#8221; button_one_border_color__hover_enabled=&#8221;off&#8221; button_two_border_color__hover_enabled=&#8221;off&#8221; button_border_radius__hover_enabled=&#8221;off&#8221; button_one_border_radius__hover_enabled=&#8221;off&#8221; button_two_border_radius__hover_enabled=&#8221;off&#8221; button_letter_spacing__hover_enabled=&#8221;off&#8221; button_one_letter_spacing__hover_enabled=&#8221;off&#8221; button_two_letter_spacing__hover_enabled=&#8221;off&#8221; button_bg_color__hover_enabled=&#8221;off&#8221; button_one_bg_color__hover_enabled=&#8221;off&#8221; button_two_bg_color__hover_enabled=&#8221;off&#8221;][\/et_pb_contact_field][et_pb_contact_field field_id=&#8221;E-mail&#8221; field_title=&#8221;E-mail&#8221; fullwidth_field=&#8221;on&#8221; _builder_version=&#8221;4.5.7&#8243; button_text_size__hover_enabled=&#8221;off&#8221; button_one_text_size__hover_enabled=&#8221;off&#8221; button_two_text_size__hover_enabled=&#8221;off&#8221; button_text_color__hover_enabled=&#8221;off&#8221; button_one_text_color__hover_enabled=&#8221;off&#8221; button_two_text_color__hover_enabled=&#8221;off&#8221; button_border_width__hover_enabled=&#8221;off&#8221; button_one_border_width__hover_enabled=&#8221;off&#8221; button_two_border_width__hover_enabled=&#8221;off&#8221; button_border_color__hover_enabled=&#8221;off&#8221; button_one_border_color__hover_enabled=&#8221;off&#8221; button_two_border_color__hover_enabled=&#8221;off&#8221; button_border_radius__hover_enabled=&#8221;off&#8221; button_one_border_radius__hover_enabled=&#8221;off&#8221; button_two_border_radius__hover_enabled=&#8221;off&#8221; button_letter_spacing__hover_enabled=&#8221;off&#8221; button_one_letter_spacing__hover_enabled=&#8221;off&#8221; button_two_letter_spacing__hover_enabled=&#8221;off&#8221; button_bg_color__hover_enabled=&#8221;off&#8221; button_one_bg_color__hover_enabled=&#8221;off&#8221; button_two_bg_color__hover_enabled=&#8221;off&#8221;][\/et_pb_contact_field][\/et_pb_contact_form][\/et_pb_column][\/et_pb_row][et_pb_row use_custom_gutter=&#8221;on&#8221; gutter_width=&#8221;2&#8243; make_equal=&#8221;on&#8221; _builder_version=&#8221;4.5.7&#8243; _module_preset=&#8221;default&#8221; width=&#8221;98%&#8221; width_tablet=&#8221;90%&#8221; width_phone=&#8221;90%&#8221; width_last_edited=&#8221;on|tablet&#8221; max_width=&#8221;1140px&#8221; max_width_tablet=&#8221;90%&#8221; max_width_phone=&#8221;90%&#8221; max_width_last_edited=&#8221;on|phone&#8221; custom_padding=&#8221;||||false|false&#8221;][et_pb_column type=&#8221;4_4&#8243; _builder_version=&#8221;4.5.7&#8243; _module_preset=&#8221;default&#8221;][et_pb_menu menu_id=&#8221;8&#8243; menu_style=&#8221;centered&#8221; submenu_direction=&#8221;upwards&#8221; active_link_color=&#8221;#ffffff&#8221; dropdown_menu_bg_color=&#8221;#ffffff&#8221; dropdown_menu_line_color=&#8221;#000000&#8243; dropdown_menu_text_color=&#8221;#000000&#8243; dropdown_menu_active_link_color=&#8221;#000000&#8243; mobile_menu_bg_color=&#8221;#ffffff&#8221; mobile_menu_text_color=&#8221;#000000&#8243; _builder_version=&#8221;4.5.7&#8243; _module_preset=&#8221;default&#8221; menu_font=&#8221;Roboto|||on|||||&#8221; menu_text_color=&#8221;#ffffff&#8221; background_color=&#8221;rgba(255,255,255,0)&#8221;][\/et_pb_menu][\/et_pb_column][\/et_pb_row][\/et_pb_section]<\/p>\n","protected":false},"excerpt":{"rendered":"<p>[et_pb_section fb_built=&#8221;1&#8243; admin_label=&#8221;Sekcja&#8221; _builder_version=&#8221;4.5.7&#8243; background_enable_color=&#8221;off&#8221; custom_padding=&#8221;0px||0px|||&#8221; global_module=&#8221;207&#8243; collapsed=&#8221;on&#8221;][et_pb_row column_structure=&#8221;2_3,1_3&#8243; use_custom_gutter=&#8221;on&#8221; gutter_width=&#8221;2&#8243; make_equal=&#8221;on&#8221; custom_padding_last_edited=&#8221;on|phone&#8221; _builder_version=&#8221;4.5.7&#8243; width=&#8221;90%&#8221; width_tablet=&#8221;90%&#8221; width_phone=&#8221;90%&#8221; width_last_edited=&#8221;on|phone&#8221; max_width=&#8221;1170px&#8221; max_width_tablet=&#8221;90%&#8221; max_width_phone=&#8221;90%&#8221; max_width_last_edited=&#8221;on|desktop&#8221; custom_margin=&#8221;||||false|false&#8221; custom_padding=&#8221;23px||23px||true|false&#8221; custom_padding_tablet=&#8221;&#8221; custom_padding_phone=&#8221;15px||15px||true|false&#8221;][et_pb_column type=&#8221;2_3&#8243; _builder_version=&#8221;4.0.6&#8243;][et_pb_image src=&#8221;http:\/\/kredytydlafirm.net\/wp-content\/uploads\/2020\/10\/Black-and-Brown-Square-Community-Non-Profit-Logo-2.png&#8221; title_text=&#8221;Black and Brown Square Community &#038; Non-Profit Logo (2)&#8221; url=&#8221;http:\/\/kredytydlafirm.net\/&#8221; _builder_version=&#8221;4.5.7&#8243; module_alignment=&#8221;left&#8221; custom_margin=&#8221;6px||||false|false&#8221;][\/et_pb_image][\/et_pb_column][et_pb_column type=&#8221;1_3&#8243; _builder_version=&#8221;4.0.6&#8243; custom_padding=&#8221;10px||||false|false&#8221;][et_pb_blurb title=&#8221;ZADZWO\u0143 661 010 614&#8243; url=&#8221;tel:661010614&#8243; use_icon=&#8221;on&#8221; font_icon=&#8221;%%264%%&#8221; icon_color=&#8221;#00b13f&#8221; icon_placement=&#8221;left&#8221; content_max_width=&#8221;100%&#8221; [&hellip;]<\/p>\n","protected":false},"author":1,"featured_media":0,"parent":0,"menu_order":0,"comment_status":"closed","ping_status":"closed","template":"page-template-blank.php","meta":{"_et_pb_use_builder":"on","_et_pb_old_content":"","_et_gb_content_width":"","footnotes":""},"class_list":["post-124","page","type-page","status-publish","hentry"],"_links":{"self":[{"href":"https:\/\/kredytydlafirm.net\/index.php\/wp-json\/wp\/v2\/pages\/124","targetHints":{"allow":["GET"]}}],"collection":[{"href":"https:\/\/kredytydlafirm.net\/index.php\/wp-json\/wp\/v2\/pages"}],"about":[{"href":"https:\/\/kredytydlafirm.net\/index.php\/wp-json\/wp\/v2\/types\/page"}],"author":[{"embeddable":true,"href":"https:\/\/kredytydlafirm.net\/index.php\/wp-json\/wp\/v2\/users\/1"}],"replies":[{"embeddable":true,"href":"https:\/\/kredytydlafirm.net\/index.php\/wp-json\/wp\/v2\/comments?post=124"}],"version-history":[{"count":1,"href":"https:\/\/kredytydlafirm.net\/index.php\/wp-json\/wp\/v2\/pages\/124\/revisions"}],"predecessor-version":[{"id":1119,"href":"https:\/\/kredytydlafirm.net\/index.php\/wp-json\/wp\/v2\/pages\/124\/revisions\/1119"}],"wp:attachment":[{"href":"https:\/\/kredytydlafirm.net\/index.php\/wp-json\/wp\/v2\/media?parent=124"}],"curies":[{"name":"wp","href":"https:\/\/api.w.org\/{rel}","templated":true}]}}